{"id":994,"date":"2019-01-03T20:39:32","date_gmt":"2019-01-03T20:39:32","guid":{"rendered":"http:\/\/avicom.icom.cust.oxymium.net\/archives\/2011-2\/claude-nicole-hocquard-2\/"},"modified":"2019-01-03T20:46:14","modified_gmt":"2019-01-03T20:46:14","slug":"claude-nicole-hocquard-2","status":"publish","type":"page","link":"https:\/\/avicom.mini.icom.museum\/fr\/archives\/2011-2\/claude-nicole-hocquard-2\/","title":{"rendered":"Claude-Nicole Hocquard"},"content":{"rendered":"<div id=\"RTE_CONTENT\"> <!--TYPO3SEARCH_begin--> \t<!--  CONTENT ELEMENT, uid:5958\/textpic [begin] --> \t\t<\/p>\n<div id=\"c5958\"> \t\t<!--  Header: [begin] --> \t\t\t<\/p>\n<h2>Archives<\/h2>\n<p> \t\t<!--  Header: [end] --> \t\t\t \t\t<!--  Image block: [begin] --> \t\t\t<\/p>\n<div>\n<div><img decoding=\"async\" src=\"http:\/\/avicom.mini.icom.museum\/wp-content\/uploads\/sites\/3\/2019\/01\/cn_hocquard_03.jpg\" alt=\"\"><\/div>\n<div> \t\t<!--  Text: [begin] --> \t\t\t<\/p>\n<h2 align=\"left\">Claude-Nicole HOCQUARD, fondatrice d&#8217;AVICOM, vient de nous quitter.<\/h2>\n<p>Mars 2011 \u2014 Nous avons la grande tristesse de vous informer du d\u00e9c\u00e8s de Claude-Nicole Hocquard \u00e0 l&#8217;\u00e2ge de 83 ans. <\/p>\n<p>Bien connue pour son activit\u00e9 incessante au service de l&#8217;audiovisuel et des mus\u00e9es, elle avait tout particuli\u00e8rement servi l&#8217;ICOM de son ind\u00e9fectible fid\u00e9lit\u00e9, ne comptant ni son temps ni sa peine. <\/p>\n<p>Elle avait cr\u00e9\u00e9 AVICOM au d\u00e9but des ann\u00e9es 90, en un moment o\u00f9 l&#8217;audiovisuel mus\u00e9al \u00e9tait en pleine mutation, et o\u00f9 nos coll\u00e8gues avaient tout particuli\u00e8rement besoin de se retrouver pour en d\u00e9battre : AVICOM leur offrait ainsi \u00e0 la fois une veille technologique et une plateforme de discussions. <\/p>\n<p>Ayant d\u00fb s&#8217;effacer ces derni\u00e8res ann\u00e9es pour raisons de sant\u00e9, elle avait su transmettre son savoir et les valeurs qu&#8217;elle d\u00e9fendait, qui sont toujours ceux d&#8217;AVICOM aujourd&#8217;hui. <\/p>\n<p>Le grand vide qu&#8217;elle laisse n&#8217;est pas pr\u00e8s d&#8217;\u00eatre combl\u00e9, et nous lui rendrons un hommage plus cons\u00e9quent dans un proche avenir. <\/p>\n<p>Jean-Marcel HUMBERT, ancien Pr\u00e9sident AVICOM <\/p>\n<p>Albums\u00a0: <b><a href=\"https:\/\/picasaweb.google.com\/106074668150746407050\/ClaudeNicoleHOCQUARD#\" target=\"_blank\">Picasa<\/a><\/b> l <b><a href=\"http:\/\/www.facebook.com\/album.php?id=100001112077916&amp;aid=34968\" target=\"_blank\">Facebook<\/a><\/b> <\/p>\n<p>\u00a0<\/p>\n<h2><b>Claude-Nicole HOCQUARD<\/b><\/h2>\n<p>Claude-Nicole Hocquard  \u00e9tait r\u00e9alisatrice. Elle a r\u00e9alis\u00e9 de nombreux documentaires audiovisuels sur les techniques d&#8217;art. Dans les ann\u00e9es 1970-1980, elle a film\u00e9, dans la dur\u00e9e, les travaux de restitution (\u00e9tat de 1798) de la Chambre du Roi \u00e0 Versailles, devan\u00e7ant de plusieurs ann\u00e9es la vague des films produits par les grands mus\u00e9es comme le Louvre sur leurs grands travaux ; ce film, \u00ab\u00a0Restauration de la chambre du Roi\u00a0\u00bb, est du reste le seul film fait \u00e0 cette \u00e9poque, d\u00e9crivant des travaux de restauration du Ch\u00e2teau. <\/p>\n<p>\u00a0<\/p>\n<h4>Filmographie<\/h4>\n<p>Produit et diffus\u00e9 par la NEYRAC Film, d\u00e9tenteur et d\u00e9positaire du fonds avec le CNC (Images de la culture).<\/p>\n<ul>\n<li>Restauration des peintures sur toile<\/li>\n<li>Restauration des peintures sur bois<\/li>\n<li>Techniques de l&#8217;\u00e9mail<\/li>\n<li>La glyptique<\/li>\n<li>Dentelles de France<\/li>\n<li>Maille, medaglia, m\u00e9daille<\/li>\n<li>Moulage au service de la sculpture<\/li>\n<li>Moulage au service des mus\u00e9es<\/li>\n<li>Sculpture, technique de la taille<\/li>\n<li>Sculpture contemporaine<\/li>\n<li>La fonte \u00e0 cire perdue<\/li>\n<li>Le vitrail, art du feu<\/li>\n<li>Tissage de la soie fa\u00e7onn\u00e9e<\/li>\n<li>Restauration de\u00a0 la chambre du Roi.<\/li>\n<\/ul>\n<p> <!--  Text: [end] --> <\/div>\n<\/p><\/div>\n<div><!-- --><\/div>\n<p> \t\t<!--  Image block: [end] --> \t\t\t   \t<!--  \t\tBEGIN: Content of extension \"hpo_relatedlink\", plugin \"tx_hporelatedlink_pi1\"  \t--> \t<\/p>\n<div> \t\t \t<\/div>\n<p> \t \t<!-- END: Content of extension \"hpo_relatedlink\", plugin \"tx_hporelatedlink_pi1\" -->  \t<\/div>\n<p> \t<!--  CONTENT ELEMENT, uid:5958\/textpic [end] --> \t\t<!--TYPO3SEARCH_end--> <\/div>\n","protected":false},"excerpt":{"rendered":"<p>Archives Claude-Nicole HOCQUARD, fondatrice d&#8217;AVICOM, vient de nous quitter. Mars 2011 \u2014 Nous avons la grande tristesse de vous informer du d\u00e9c\u00e8s de Claude-Nicole Hocquard \u00e0 l&#8217;\u00e2ge de 83 ans. Bien connue pour son activit\u00e9 incessante au service de l&#8217;audiovisuel et des mus\u00e9es, elle avait tout particuli\u00e8rement servi l&#8217;ICOM de son ind\u00e9fectible fid\u00e9lit\u00e9, ne comptant [&hellip;]<\/p>\n","protected":false},"author":1,"featured_media":0,"parent":616,"menu_order":8,"comment_status":"closed","ping_status":"closed","template":"","meta":{"footnotes":""},"yst_prominent_words":[],"acf":[],"_links":{"self":[{"href":"https:\/\/avicom.mini.icom.museum\/fr\/wp-json\/wp\/v2\/pages\/994"}],"collection":[{"href":"https:\/\/avicom.mini.icom.museum\/fr\/wp-json\/wp\/v2\/pages"}],"about":[{"href":"https:\/\/avicom.mini.icom.museum\/fr\/wp-json\/wp\/v2\/types\/page"}],"author":[{"embeddable":true,"href":"https:\/\/avicom.mini.icom.museum\/fr\/wp-json\/wp\/v2\/users\/1"}],"replies":[{"embeddable":true,"href":"https:\/\/avicom.mini.icom.museum\/fr\/wp-json\/wp\/v2\/comments?post=994"}],"version-history":[{"count":1,"href":"https:\/\/avicom.mini.icom.museum\/fr\/wp-json\/wp\/v2\/pages\/994\/revisions"}],"predecessor-version":[{"id":2014,"href":"https:\/\/avicom.mini.icom.museum\/fr\/wp-json\/wp\/v2\/pages\/994\/revisions\/2014"}],"up":[{"embeddable":true,"href":"https:\/\/avicom.mini.icom.museum\/fr\/wp-json\/wp\/v2\/pages\/616"}],"wp:attachment":[{"href":"https:\/\/avicom.mini.icom.museum\/fr\/wp-json\/wp\/v2\/media?parent=994"}],"wp:term":[{"taxonomy":"yst_prominent_words","embeddable":true,"href":"https:\/\/avicom.mini.icom.museum\/fr\/wp-json\/wp\/v2\/yst_prominent_words?post=994"}],"curies":[{"name":"wp","href":"https:\/\/api.w.org\/{rel}","templated":true}]}}